{"id":389,"date":"2020-11-10T21:47:54","date_gmt":"2020-11-10T21:47:54","guid":{"rendered":"https:\/\/best-buddy.ch\/?page_id=389"},"modified":"2021-02-04T20:53:50","modified_gmt":"2021-02-04T20:53:50","slug":"fragen","status":"publish","type":"page","link":"https:\/\/best-buddy.ch\/?page_id=389","title":{"rendered":"Fragen"},"content":{"rendered":"<p>[et_pb_section fb_built=&#8220;1&#8243; next_background_color=&#8220;#ffffff&#8220; admin_label=&#8220;Hero Section&#8220; _builder_version=&#8220;4.6.6&#8243; use_background_color_gradient=&#8220;on&#8220; background_color_gradient_start=&#8220;rgba(0,0,0,0.4)&#8220; background_color_gradient_end=&#8220;rgba(0,0,0,0.4)&#8220; background_color_gradient_overlays_image=&#8220;on&#8220; background_image=&#8220;https:\/\/best-buddy.ch\/wp-content\/uploads\/2020\/12\/Geraldine-web3.jpg&#8220; background_position=&#8220;center_right&#8220; custom_padding=&#8220;6%||6%|&#8220; bottom_divider_style=&#8220;slant&#8220; bottom_divider_height=&#8220;60px&#8220; background_color_gradient_direction__hover=&#8220;180deg&#8220; background_color_gradient_direction__hover_enabled=&#8220;180deg&#8220; background_color_gradient_start_position__hover=&#8220;0%&#8220; background_color_gradient_start_position__hover_enabled=&#8220;0%&#8220; background_color_gradient_end_position__hover=&#8220;100%&#8220; background_color_gradient_end_position__hover_enabled=&#8220;100%&#8220;][et_pb_row admin_label=&#8220;Page Title Area&#8220; _builder_version=&#8220;3.25&#8243;][et_pb_column type=&#8220;4_4&#8243; _builder_version=&#8220;3.25&#8243; custom_padding=&#8220;|||&#8220; custom_padding__hover=&#8220;|||&#8220;][et_pb_text admin_label=&#8220;Hero Section Title&#8220; _builder_version=&#8220;4.6.6&#8243; text_font=&#8220;Montserrat||||||||&#8220; text_font_size=&#8220;18px&#8220; text_line_height=&#8220;1.8em&#8220; header_font=&#8220;Antic Didone|600||on|||||&#8220; header_font_size=&#8220;48px&#8220; header_letter_spacing=&#8220;3px&#8220; header_line_height=&#8220;1.3em&#8220; header_2_font=&#8220;Antic Didone||||||||&#8220; header_2_text_color=&#8220;rgba(255,255,255,0.6)&#8220; header_2_font_size=&#8220;90px&#8220; header_2_letter_spacing=&#8220;3px&#8220; header_2_line_height=&#8220;1.1em&#8220; text_orientation=&#8220;center&#8220; background_layout=&#8220;dark&#8220; max_width=&#8220;700px&#8220; module_alignment=&#8220;center&#8220; custom_margin=&#8220;|||&#8220; animation_style=&#8220;fade&#8220; animation_direction=&#8220;bottom&#8220; header_font_size_tablet=&#8220;&#8220; header_font_size_phone=&#8220;28px&#8220; header_font_size_last_edited=&#8220;on|phone&#8220; header_2_font_size_tablet=&#8220;&#8220; header_2_font_size_phone=&#8220;50px&#8220; header_2_font_size_last_edited=&#8220;on|phone&#8220;]<\/p>\n<h1>Das Hundestudio<\/h1>\n<h2>Fragen und Antworten<\/h2>\n<p>Was gibt es zu beachten wenn ich mit meinem Hund ins Fotostudio komme.<\/p>\n<p>[\/et_pb_text][\/et_pb_column][\/et_pb_row][\/et_pb_section][et_pb_section fb_built=&#8220;1&#8243; admin_label=&#8220;FAQ Section&#8220; _builder_version=&#8220;4.6.6&#8243; custom_padding=&#8220;90px||90px|&#8220;][et_pb_row column_structure=&#8220;2_5,3_5&#8243; _builder_version=&#8220;4.6.6&#8243; _module_preset=&#8220;default&#8220; max_width=&#8220;2560px&#8220;][et_pb_column type=&#8220;2_5&#8243; _builder_version=&#8220;4.6.6&#8243; _module_preset=&#8220;default&#8220;][et_pb_text _builder_version=&#8220;4.6.6&#8243; _module_preset=&#8220;default&#8220; text_font=&#8220;Lato|900|||||||&#8220; text_font_size=&#8220;17px&#8220; custom_padding=&#8220;9px|150px||||&#8220;]<\/p>\n<p>\u00a0Was muss ich mitbringen zum Fototermin?<\/p>\n<p>[\/et_pb_text][\/et_pb_column][et_pb_column type=&#8220;3_5&#8243; _builder_version=&#8220;4.6.6&#8243; _module_preset=&#8220;default&#8220;][et_pb_text _builder_version=&#8220;4.6.6&#8243; _module_preset=&#8220;default&#8220; text_font=&#8220;Lato||||||||&#8220; text_font_size=&#8220;15px&#8220; width=&#8220;99.8%&#8220;]<\/p>\n<p style=\"text-align: justify;\">Zun\u00e4chst einmal solltest Du auf keinen Fall Deinen Hund vergessen \ud83d\ude42\u00a0<\/p>\n<p style=\"text-align: justify;\">Sollte Dein Hund ein Lieblingsspielzeug oder ein spezielles Accessoires haben, so bringe das bitte mit.<\/p>\n<p style=\"text-align: justify;\">Ein Besuch im Fotostudio ist f\u00fcr den Hund auch sehr ungewohnt und vertraute Gegenst\u00e4nde k\u00f6nnen ihm helfen sich zu entspannen.<\/p>\n<p style=\"text-align: justify;\">Ansonsten habe ich alles und auch gen\u00fcgend Leckerlies. Sollte Dein Hund aber eine bestimme Sorte bevorzugen oder Unvertr\u00e4glichkeiten haben, so bringe ihm doch bitte eigene Leckerlies f\u00fcr das Fotoshootings mit.<\/p>\n<p>[\/et_pb_text][\/et_pb_column][\/et_pb_row][et_pb_row column_structure=&#8220;2_5,3_5&#8243; _builder_version=&#8220;4.6.6&#8243; _module_preset=&#8220;default&#8220; max_width=&#8220;2560px&#8220;][et_pb_column type=&#8220;2_5&#8243; _builder_version=&#8220;4.6.6&#8243; _module_preset=&#8220;default&#8220;][et_pb_text _builder_version=&#8220;4.6.6&#8243; _module_preset=&#8220;default&#8220; text_font=&#8220;Lato|900|||||||&#8220; text_font_size=&#8220;17px&#8220; custom_padding=&#8220;9px|150px||||&#8220;]<\/p>\n<p>Welche Art von Fotos werden bei dem Fotoshootings von meinem Hund gemacht?<\/p>\n<p>[\/et_pb_text][\/et_pb_column][et_pb_column type=&#8220;3_5&#8243; _builder_version=&#8220;4.6.6&#8243; _module_preset=&#8220;default&#8220;][et_pb_text _builder_version=&#8220;4.6.6&#8243; _module_preset=&#8220;default&#8220; text_font=&#8220;Lato||||||||&#8220; text_font_size=&#8220;15px&#8220; width=&#8220;99.8%&#8220; custom_padding=&#8220;||0px|||&#8220;]<\/p>\n<p>Hunde sind sehr eigene Pers\u00f6nlichkeiten und daher k\u00f6nnen wir nie zu 100% planen welche Fotos wir erstellen.<\/p>\n<p>Ideen f\u00fcr das Shooting habe ich viele und ich bitte euch auch mir eure Vorstellungen f\u00fcr die Hundefotos mitzuteilen. Bitte habt aber Verst\u00e4ndnis, dass wir nur die Fotos erstellen k\u00f6nnen bei denen der Hund mitmacht. Jedes Fotoshootings mit Hunden ist daher spannend und lustig da jeder Vierbeiner anders reagiert.<\/p>\n<p>[\/et_pb_text][\/et_pb_column][\/et_pb_row][et_pb_row column_structure=&#8220;2_5,3_5&#8243; _builder_version=&#8220;4.6.6&#8243; _module_preset=&#8220;default&#8220; max_width=&#8220;2560px&#8220;][et_pb_column type=&#8220;2_5&#8243; _builder_version=&#8220;4.6.6&#8243; _module_preset=&#8220;default&#8220;][et_pb_text _builder_version=&#8220;4.6.6&#8243; _module_preset=&#8220;default&#8220; text_font=&#8220;Lato|900|||||||&#8220; text_font_size=&#8220;17px&#8220; custom_padding=&#8220;9px|150px||||&#8220;]<\/p>\n<p>Was muss mein Hund k\u00f6nnen?<\/p>\n<p>[\/et_pb_text][\/et_pb_column][et_pb_column type=&#8220;3_5&#8243; _builder_version=&#8220;4.6.6&#8243; _module_preset=&#8220;default&#8220;][et_pb_text _builder_version=&#8220;4.6.6&#8243; _module_preset=&#8220;default&#8220; text_font=&#8220;Lato||||||||&#8220; text_font_size=&#8220;15px&#8220; width=&#8220;99.8%&#8220; custom_padding=&#8220;||0px|||&#8220;]<\/p>\n<p>F\u00fcr das Fotoshooting sollte der Hund zumindest Sitz und Platz k\u00f6nnen und nat\u00fcrlich hilft es bei den Schnappfotos auch wenn er Leckerlies fangen kann. Das Letztere ist aber kein Voraussetzung sondern lediglich eine Hilfe. Ihr k\u00f6nnt das auch gerne vor dem Fototermin mit eurem Liebling \u00fcben.<\/p>\n<p>[\/et_pb_text][\/et_pb_column][\/et_pb_row][et_pb_row column_structure=&#8220;2_5,3_5&#8243; _builder_version=&#8220;4.6.6&#8243; _module_preset=&#8220;default&#8220; max_width=&#8220;2560px&#8220;][et_pb_column type=&#8220;2_5&#8243; _builder_version=&#8220;4.6.6&#8243; _module_preset=&#8220;default&#8220;][et_pb_text _builder_version=&#8220;4.6.6&#8243; _module_preset=&#8220;default&#8220; text_font=&#8220;Lato|900|||||||&#8220; text_font_size=&#8220;17px&#8220; custom_padding=&#8220;9px|150px||||&#8220;]<\/p>\n<p>Ist das Fotostudio gut erreichbar?<\/p>\n<p>[\/et_pb_text][\/et_pb_column][et_pb_column type=&#8220;3_5&#8243; _builder_version=&#8220;4.6.6&#8243; _module_preset=&#8220;default&#8220;][et_pb_text _builder_version=&#8220;4.6.6&#8243; _module_preset=&#8220;default&#8220; text_font=&#8220;Lato||||||||&#8220; text_font_size=&#8220;15px&#8220; width=&#8220;99.8%&#8220; custom_padding=&#8220;||0px|||&#8220;]<\/p>\n<p>Wir haben Parkpl\u00e4tze direkt vor dem Haus und sind somit gut erreichbar. Das Studio ist ebenerdig und direkt erreichbar so dass ihr nicht lange durch Regen laufen sollte falls es mal im sonnigen Leimbach regnet. In Leimbach gibt es ebenso einen Bahnhof so dass ihr auch mit dem \u00d6V kommen k\u00f6nnt.<\/p>\n<p>[\/et_pb_text][\/et_pb_column][\/et_pb_row][et_pb_row column_structure=&#8220;2_5,3_5&#8243; _builder_version=&#8220;4.6.6&#8243; _module_preset=&#8220;default&#8220; max_width=&#8220;2560px&#8220;][et_pb_column type=&#8220;2_5&#8243; _builder_version=&#8220;4.6.6&#8243; _module_preset=&#8220;default&#8220;][et_pb_text _builder_version=&#8220;4.6.6&#8243; _module_preset=&#8220;default&#8220; text_font=&#8220;Lato|900|||||||&#8220; text_font_size=&#8220;17px&#8220; custom_padding=&#8220;9px|150px||||&#8220;]<\/p>\n<p>Fotografierst Du nur im Studio?<\/p>\n<p>[\/et_pb_text][\/et_pb_column][et_pb_column type=&#8220;3_5&#8243; _builder_version=&#8220;4.6.6&#8243; _module_preset=&#8220;default&#8220;][et_pb_text _builder_version=&#8220;4.6.6&#8243; _module_preset=&#8220;default&#8220; text_font=&#8220;Lato||||||||&#8220; text_font_size=&#8220;15px&#8220; width=&#8220;99.8%&#8220; custom_padding=&#8220;||0px|||&#8220;]<\/p>\n<p>Mich reizen die M\u00f6glichkeiten der Studiofotografie sehr und daher fotografiere ich gerne im Studio.<\/p>\n<p>Da ich aber genauso die Natur geniess, \u00a0fotografiere ich eure Hunde auch sehr gerne Outdoor. Da sich Hunde in der Regel auch pudelwohl f\u00fchlen, k\u00f6nnen wir hier sehr authentische Fotos euren Hundes kreieren. \u00a0Das kann auch unter Verwendung von Outdoorblitzen geschehen um den Fotos noch mehr Gehalt zu geben.<\/p>\n<p>Wir haben fussl\u00e4ufig W\u00e4lder, einen kleinen Fluss und einen eigenen Garten welcher gr\u00fcn und bunt ist und immer eine tolle Kulisse bietet.<\/p>\n<p>Sehr gerne bin ich aber auch f\u00fcr abenteuerliche Hundefotografie in den Bergen oder am Wasser zu haben. Hier k\u00f6nnen wir fantastische Panoramaaufnahmen entsthene lassen oder die fantastische Kuisse des Maggia-oder Verzascatals f\u00fcr die Hundefotos nutzen.<\/p>\n<p>[\/et_pb_text][\/et_pb_column][\/et_pb_row][\/et_pb_section]<\/p>\n","protected":false},"excerpt":{"rendered":"<p>[et_pb_section fb_built=&#8220;1&#8243; next_background_color=&#8220;#ffffff&#8220; admin_label=&#8220;Hero Section&#8220; _builder_version=&#8220;4.6.6&#8243; use_background_color_gradient=&#8220;on&#8220; background_color_gradient_start=&#8220;rgba(0,0,0,0.4)&#8220; background_color_gradient_end=&#8220;rgba(0,0,0,0.4)&#8220; background_color_gradient_overlays_image=&#8220;on&#8220; background_image=&#8220;https:\/\/best-buddy.ch\/wp-content\/uploads\/2020\/12\/Geraldine-web3.jpg&#8220; background_position=&#8220;center_right&#8220; custom_padding=&#8220;6%||6%|&#8220; bottom_divider_style=&#8220;slant&#8220; bottom_divider_height=&#8220;60px&#8220; background_color_gradient_direction__hover=&#8220;180deg&#8220; background_color_gradient_direction__hover_enabled=&#8220;180deg&#8220; background_color_gradient_start_position__hover=&#8220;0%&#8220; background_color_gradient_start_position__hover_enabled=&#8220;0%&#8220; background_color_gradient_end_position__hover=&#8220;100%&#8220; background_color_gradient_end_position__hover_enabled=&#8220;100%&#8220;][et_pb_row admin_label=&#8220;Page Title Area&#8220; _builder_version=&#8220;3.25&#8243;][et_pb_column type=&#8220;4_4&#8243; _builder_version=&#8220;3.25&#8243; custom_padding=&#8220;|||&#8220; custom_padding__hover=&#8220;|||&#8220;][et_pb_text admin_label=&#8220;Hero Section Title&#8220; _builder_version=&#8220;4.6.6&#8243; text_font=&#8220;Montserrat||||||||&#8220; text_font_size=&#8220;18px&#8220; text_line_height=&#8220;1.8em&#8220; header_font=&#8220;Antic Didone|600||on|||||&#8220; header_font_size=&#8220;48px&#8220; header_letter_spacing=&#8220;3px&#8220; header_line_height=&#8220;1.3em&#8220; header_2_font=&#8220;Antic Didone||||||||&#8220; header_2_text_color=&#8220;rgba(255,255,255,0.6)&#8220; header_2_font_size=&#8220;90px&#8220; header_2_letter_spacing=&#8220;3px&#8220; header_2_line_height=&#8220;1.1em&#8220; text_orientation=&#8220;center&#8220; background_layout=&#8220;dark&#8220; max_width=&#8220;700px&#8220; module_alignment=&#8220;center&#8220; custom_margin=&#8220;|||&#8220; animation_style=&#8220;fade&#8220; animation_direction=&#8220;bottom&#8220; header_font_size_tablet=&#8220;&#8220; [&hellip;]<\/p>\n","protected":false},"author":1,"featured_media":0,"parent":0,"menu_order":0,"comment_status":"closed","ping_status":"closed","template":"","meta":{"_et_pb_use_builder":"on","_et_pb_old_content":"","_et_gb_content_width":""},"yoast_head":"<!-- This site is optimized with the Yoast SEO plugin v15.5 - https:\/\/yoast.com\/wordpress\/plugins\/seo\/ -->\n<title>Fragen - Best Buddy by Lars Henschel<\/title>\n<meta name=\"robots\" content=\"index, follow, max-snippet:-1, max-image-preview:large, max-video-preview:-1\" \/>\n<link rel=\"canonical\" href=\"https:\/\/best-buddy.ch\/?page_id=389\" \/>\n<meta property=\"og:locale\" content=\"de_DE\" \/>\n<meta property=\"og:type\" content=\"article\" \/>\n<meta property=\"og:title\" content=\"Fragen - Best Buddy by Lars Henschel\" \/>\n<meta property=\"og:description\" content=\"[et_pb_section fb_built=&#8220;1&#8243; next_background_color=&#8220;#ffffff&#8220; admin_label=&#8220;Hero Section&#8220; _builder_version=&#8220;4.6.6&#8243; use_background_color_gradient=&#8220;on&#8220; background_color_gradient_start=&#8220;rgba(0,0,0,0.4)&#8220; background_color_gradient_end=&#8220;rgba(0,0,0,0.4)&#8220; background_color_gradient_overlays_image=&#8220;on&#8220; background_image=&#8220;https:\/\/best-buddy.ch\/wp-content\/uploads\/2020\/12\/Geraldine-web3.jpg&#8220; background_position=&#8220;center_right&#8220; custom_padding=&#8220;6%||6%|&#8220; bottom_divider_style=&#8220;slant&#8220; bottom_divider_height=&#8220;60px&#8220; background_color_gradient_direction__hover=&#8220;180deg&#8220; background_color_gradient_direction__hover_enabled=&#8220;180deg&#8220; background_color_gradient_start_position__hover=&#8220;0%&#8220; background_color_gradient_start_position__hover_enabled=&#8220;0%&#8220; background_color_gradient_end_position__hover=&#8220;100%&#8220; background_color_gradient_end_position__hover_enabled=&#8220;100%&#8220;][et_pb_row admin_label=&#8220;Page Title Area&#8220; _builder_version=&#8220;3.25&#8243;][et_pb_column type=&#8220;4_4&#8243; _builder_version=&#8220;3.25&#8243; custom_padding=&#8220;|||&#8220; custom_padding__hover=&#8220;|||&#8220;][et_pb_text admin_label=&#8220;Hero Section Title&#8220; _builder_version=&#8220;4.6.6&#8243; text_font=&#8220;Montserrat||||||||&#8220; text_font_size=&#8220;18px&#8220; text_line_height=&#8220;1.8em&#8220; header_font=&#8220;Antic Didone|600||on|||||&#8220; header_font_size=&#8220;48px&#8220; header_letter_spacing=&#8220;3px&#8220; header_line_height=&#8220;1.3em&#8220; header_2_font=&#8220;Antic Didone||||||||&#8220; header_2_text_color=&#8220;rgba(255,255,255,0.6)&#8220; header_2_font_size=&#8220;90px&#8220; header_2_letter_spacing=&#8220;3px&#8220; header_2_line_height=&#8220;1.1em&#8220; text_orientation=&#8220;center&#8220; background_layout=&#8220;dark&#8220; max_width=&#8220;700px&#8220; module_alignment=&#8220;center&#8220; custom_margin=&#8220;|||&#8220; animation_style=&#8220;fade&#8220; animation_direction=&#8220;bottom&#8220; header_font_size_tablet=&#8220;&#8220; [&hellip;]\" \/>\n<meta property=\"og:url\" content=\"https:\/\/best-buddy.ch\/?page_id=389\" \/>\n<meta property=\"og:site_name\" content=\"Best Buddy by Lars Henschel\" \/>\n<meta property=\"article:modified_time\" content=\"2021-02-04T20:53:50+00:00\" \/>\n<meta name=\"twitter:card\" content=\"summary_large_image\" \/>\n<meta name=\"twitter:label1\" content=\"Gesch\u00e4tzte Lesezeit\">\n\t<meta name=\"twitter:data1\" content=\"4\u00a0Minuten\">\n<script type=\"application\/ld+json\" class=\"yoast-schema-graph\">{\"@context\":\"https:\/\/schema.org\",\"@graph\":[{\"@type\":\"WebSite\",\"@id\":\"https:\/\/best-buddy.ch\/#website\",\"url\":\"https:\/\/best-buddy.ch\/\",\"name\":\"Best Buddy by Lars Henschel\",\"description\":\"Der Hundefotograf\",\"potentialAction\":[{\"@type\":\"SearchAction\",\"target\":\"https:\/\/best-buddy.ch\/?s={search_term_string}\",\"query-input\":\"required name=search_term_string\"}],\"inLanguage\":\"de\"},{\"@type\":\"WebPage\",\"@id\":\"https:\/\/best-buddy.ch\/?page_id=389#webpage\",\"url\":\"https:\/\/best-buddy.ch\/?page_id=389\",\"name\":\"Fragen - Best Buddy by Lars Henschel\",\"isPartOf\":{\"@id\":\"https:\/\/best-buddy.ch\/#website\"},\"datePublished\":\"2020-11-10T21:47:54+00:00\",\"dateModified\":\"2021-02-04T20:53:50+00:00\",\"inLanguage\":\"de\",\"potentialAction\":[{\"@type\":\"ReadAction\",\"target\":[\"https:\/\/best-buddy.ch\/?page_id=389\"]}]}]}<\/script>\n<!-- \/ Yoast SEO plugin. -->","_links":{"self":[{"href":"https:\/\/best-buddy.ch\/index.php?rest_route=\/wp\/v2\/pages\/389"}],"collection":[{"href":"https:\/\/best-buddy.ch\/index.php?rest_route=\/wp\/v2\/pages"}],"about":[{"href":"https:\/\/best-buddy.ch\/index.php?rest_route=\/wp\/v2\/types\/page"}],"author":[{"embeddable":true,"href":"https:\/\/best-buddy.ch\/index.php?rest_route=\/wp\/v2\/users\/1"}],"replies":[{"embeddable":true,"href":"https:\/\/best-buddy.ch\/index.php?rest_route=%2Fwp%2Fv2%2Fcomments&post=389"}],"version-history":[{"count":5,"href":"https:\/\/best-buddy.ch\/index.php?rest_route=\/wp\/v2\/pages\/389\/revisions"}],"predecessor-version":[{"id":1125,"href":"https:\/\/best-buddy.ch\/index.php?rest_route=\/wp\/v2\/pages\/389\/revisions\/1125"}],"wp:attachment":[{"href":"https:\/\/best-buddy.ch\/index.php?rest_route=%2Fwp%2Fv2%2Fmedia&parent=389"}],"curies":[{"name":"wp","href":"https:\/\/api.w.org\/{rel}","templated":true}]}}