{"id":234,"date":"2020-10-30T23:26:57","date_gmt":"2020-10-30T23:26:57","guid":{"rendered":"https:\/\/best-buddy.ch\/?page_id=234"},"modified":"2023-02-19T19:01:19","modified_gmt":"2023-02-19T19:01:19","slug":"234-2","status":"publish","type":"page","link":"https:\/\/best-buddy.ch\/?page_id=234","title":{"rendered":"About"},"content":{"rendered":"<p>[et_pb_section fb_built=&#8220;1&#8243; admin_label=&#8220;Header&#8220; _builder_version=&#8220;4.4.4&#8243; custom_padding=&#8220;||0px|||&#8220;][et_pb_row column_structure=&#8220;1_3,1_3,1_3&#8243; _builder_version=&#8220;4.4.4&#8243;][et_pb_column type=&#8220;1_3&#8243; _builder_version=&#8220;4.4.4&#8243; z_index=&#8220;10&#8243; custom_padding=&#8220;40px||||false|false&#8220; custom_padding_tablet=&#8220;0px||||false|false&#8220; custom_padding_phone=&#8220;&#8220; custom_padding_last_edited=&#8220;on|tablet&#8220;][et_pb_text _builder_version=&#8220;4.6.6&#8243; header_font=&#8220;Antic Didone|||on|||||&#8220; header_text_color=&#8220;#000000&#8243; header_font_size=&#8220;75px&#8220; header_letter_spacing=&#8220;3px&#8220; header_line_height=&#8220;1.3em&#8220; custom_margin=&#8220;|-80%|||false|false&#8220; custom_margin_tablet=&#8220;40px|0px|40px||true|false&#8220; custom_margin_phone=&#8220;30px||30px||true|false&#8220; custom_margin_last_edited=&#8220;on|phone&#8220; header_font_size_tablet=&#8220;40px&#8220; header_font_size_phone=&#8220;24px&#8220; header_font_size_last_edited=&#8220;on|phone&#8220;]<\/p>\n<h1>Hi, ich bin Lars<\/h1>\n<p>[\/et_pb_text][et_pb_text _builder_version=&#8220;4.6.6&#8243; header_4_font=&#8220;Antic Didone|||on|||||&#8220; header_4_font_size=&#8220;20px&#8220; header_4_letter_spacing=&#8220;2px&#8220; header_4_line_height=&#8220;1.4em&#8220; max_width=&#8220;700px&#8220; module_alignment=&#8220;center&#8220; header_4_font_size_tablet=&#8220;18px&#8220; header_4_font_size_phone=&#8220;&#8220; header_4_font_size_last_edited=&#8220;on|phone&#8220; locked=&#8220;off&#8220;]<\/p>\n<h4>ein Hundefotograf in der schweiz<\/h4>\n<p>&nbsp;<\/p>\n<p>[\/et_pb_text][et_pb_social_media_follow _builder_version=&#8220;4.6.6&#8243; locked=&#8220;off&#8220;][et_pb_social_media_follow_network social_network=&#8220;facebook&#8220; icon_color=&#8220;#000000&#8243; _builder_version=&#8220;4.3.4&#8243; background_color=&#8220;rgba(0,0,0,0)&#8220; background_enable_color=&#8220;on&#8220; motion_trigger_start=&#8220;middle&#8220; follow_button=&#8220;off&#8220; url_new_window=&#8220;on&#8220;]facebook[\/et_pb_social_media_follow_network][et_pb_social_media_follow_network social_network=&#8220;instagram&#8220; icon_color=&#8220;#000000&#8243; _builder_version=&#8220;4.3.4&#8243; background_color=&#8220;rgba(0,0,0,0)&#8220; background_enable_color=&#8220;on&#8220; motion_trigger_start=&#8220;middle&#8220; follow_button=&#8220;off&#8220; url_new_window=&#8220;on&#8220;]instagram[\/et_pb_social_media_follow_network][et_pb_social_media_follow_network social_network=&#8220;pinterest&#8220; icon_color=&#8220;#000000&#8243; _builder_version=&#8220;4.4.3&#8243; background_color=&#8220;rgba(0,0,0,0)&#8220; background_enable_color=&#8220;on&#8220; follow_button=&#8220;off&#8220; url_new_window=&#8220;on&#8220;]pinterest[\/et_pb_social_media_follow_network][\/et_pb_social_media_follow][\/et_pb_column][et_pb_column type=&#8220;1_3&#8243; _builder_version=&#8220;4.4.4&#8243;][et_pb_image src=&#8220;https:\/\/best-buddy.ch\/wp-content\/uploads\/2020\/10\/IMG-20180719-WA0004.jpg&#8220; alt=&#8220;Hundefotograf&#8220; title_text=&#8220;IMG-20180719-WA0004&#8243; _builder_version=&#8220;4.6.6&#8243; min_height=&#8220;259px&#8220; custom_margin=&#8220;|-52px||||&#8220; custom_padding=&#8220;|||23px|false|false&#8220;][\/et_pb_image][\/et_pb_column][et_pb_column type=&#8220;1_3&#8243; _builder_version=&#8220;4.4.4&#8243; custom_padding=&#8220;||||false|false&#8220;][et_pb_image src=&#8220;https:\/\/best-buddy.ch\/wp-content\/uploads\/2020\/12\/DSC_7234-scaled.jpg&#8220; alt=&#8220;Hundefotograf&#8220; title_text=&#8220;Hundefotografie Schweiz&#8220; _builder_version=&#8220;4.6.6&#8243; min_height=&#8220;259px&#8220; custom_margin=&#8220;|-52px||||&#8220; custom_padding=&#8220;|||23px|false|false&#8220;][\/et_pb_image][\/et_pb_column][\/et_pb_row][et_pb_row column_structure=&#8220;1_3,2_3&#8243; _builder_version=&#8220;4.4.4&#8243;][et_pb_column type=&#8220;1_3&#8243; _builder_version=&#8220;4.4.4&#8243;][\/et_pb_column][et_pb_column type=&#8220;2_3&#8243; _builder_version=&#8220;4.4.4&#8243;][et_pb_text _builder_version=&#8220;4.6.6&#8243; text_font_size=&#8220;16px&#8220; text_line_height=&#8220;2.2em&#8220; header_4_font=&#8220;Antic Didone|||on|||||&#8220; header_4_text_color=&#8220;#000000&#8243; header_4_font_size=&#8220;20px&#8220; header_4_letter_spacing=&#8220;2px&#8220; header_4_line_height=&#8220;1.4em&#8220; max_width=&#8220;700px&#8220; module_alignment=&#8220;center&#8220; text_font_size_tablet=&#8220;15px&#8220; text_font_size_phone=&#8220;14px&#8220; text_font_size_last_edited=&#8220;on|phone&#8220; header_4_font_size_tablet=&#8220;18px&#8220; header_4_font_size_phone=&#8220;&#8220; header_4_font_size_last_edited=&#8220;on|phone&#8220; locked=&#8220;off&#8220;]<\/p>\n<h1>Euer Hundefotograf<\/h1>\n<p>Ihr seid auf der Suche nach einem Hundefotografen, der eurem Vierbeiner die Aufmerksamkeit gibt, die er verdient? Dann seid ihr bei mir an der richtigen Adresse! Als begeisterter Hundefotograf aus Leimbach, Schweiz, habe ich meine Passion zum Beruf gemacht und stehe euch gerne mit meinem K\u00f6nnen zur Verf\u00fcgung.<\/p>\n<p>Meine Begeisterung f\u00fcr Hunde hat mich dazu inspiriert, mich auf Hundefotografie zu spezialisieren. Ich finde es wunderbar, mit den Hunden zu spielen, zu lachen und dabei unvergessliche Erinnerungen festzuhalten. Besonders faszinierend ist es f\u00fcr mich, dass Hunde immer gut gelaunt sind und mich aufs Neue begeistern.<\/p>\n<p>Als Hundefotograf ist es mir wichtig, dass eure Fellnasen im Mittelpunkt stehen. Ich erzwinge keine k\u00fcnstlichen Posen und gebe meinen Modellen die Freiheit, sie selbst zu sein. Mein Ziel ist es, dass eure Hunde Spa\u00df haben und dabei nat\u00fcrlich und entspannt wirken. Mit viel Einf\u00fchlungsverm\u00f6gen und Leidenschaft arbeite ich daran, die Pers\u00f6nlichkeiten eurer Hunde in den Fotos einzufangen.<\/p>\n<p>Ich betreibe mein Fotostudio f\u00fcr Hunde in Leimbach, Aargau. Hier habe ich einen Ort geschaffen, an dem sich die Tiere wohlf\u00fchlen und entspannen k\u00f6nnen. Ob ein Shooting in meinem Studio oder in der Natur, ich biete eine Vielfalt an M\u00f6glichkeiten, um unvergessliche Erinnerungen mit eurem Hund zu schaffen.<\/p>\n<p>Mit meinem breiten Spektrum an Techniken und Ideen hole ich das Beste aus jedem Foto-Shooting heraus. Egal, ob ihr es klassisch oder originell m\u00f6gt, ich finde den passenden Stil, um eurem Liebling gerecht zu werden. Meine langj\u00e4hrige Erfahrung und Leidenschaft setze ich daf\u00fcr ein, dass eure Fotos unverwechselbar und einzigartig werden.<\/p>\n<p>Wenn ihr auf der Suche nach einem engagierten Hundefotografen seid, der eurem Liebling mit Herz und Verstand begegnet, dann meldet euch bei mir. Ich freue mich darauf, euch kennenzulernen und euren Hund in meiner Kamera zu verewigen. Kommt gerne vorbei und erlebt mit uns gemeinsam ein unvergessliches Fotoshooting im Studio, in der Natur oder in unserem Garten.<\/p>\n<p>&nbsp;<\/p>\n<p>[\/et_pb_text][\/et_pb_column][\/et_pb_row][\/et_pb_section][et_pb_section fb_built=&#8220;1&#8243; admin_label=&#8220;Portfolio&#8220; _builder_version=&#8220;4.4.4&#8243;][et_pb_row _builder_version=&#8220;4.4.4&#8243;][et_pb_column type=&#8220;4_4&#8243; _builder_version=&#8220;4.4.4&#8243;][et_pb_image src=&#8220;https:\/\/best-buddy.ch\/wp-content\/uploads\/2020\/10\/wedding-photographer-icon-4-gold.png&#8220; title_text=&#8220;wedding-photographer-icon-4-gold&#8220; align=&#8220;center&#8220; _builder_version=&#8220;4.4.4&#8243; vertical_offset=&#8220;70px&#8220; z_index=&#8220;1&#8243; position_origin_a_tablet=&#8220;&#8220; position_origin_a_phone=&#8220;&#8220; position_origin_a_last_edited=&#8220;on|desktop&#8220; position_origin_f_tablet=&#8220;&#8220; position_origin_f_phone=&#8220;&#8220; position_origin_f_last_edited=&#8220;on|desktop&#8220; position_origin_r_tablet=&#8220;&#8220; position_origin_r_phone=&#8220;&#8220; position_origin_r_last_edited=&#8220;on|desktop&#8220; positioning_tablet=&#8220;none&#8220; positioning_phone=&#8220;&#8220; positioning_last_edited=&#8220;on|phone&#8220; locked=&#8220;off&#8220;][\/et_pb_image][et_pb_text _builder_version=&#8220;4.4.4&#8243; header_2_font=&#8220;Antic Didone|||on|||||&#8220; header_2_font_size=&#8220;60px&#8220; header_2_letter_spacing=&#8220;3px&#8220; header_2_line_height=&#8220;1.3em&#8220; text_orientation=&#8220;center&#8220; max_width=&#8220;700px&#8220; module_alignment=&#8220;center&#8220; header_2_font_size_tablet=&#8220;40px&#8220; header_2_font_size_phone=&#8220;26px&#8220; header_2_font_size_last_edited=&#8220;on|phone&#8220; locked=&#8220;off&#8220;]<\/p>\n<h2>der Hund ist eine Seele im Fell<\/h2>\n<p>[\/et_pb_text][\/et_pb_column][\/et_pb_row][et_pb_row column_structure=&#8220;1_2,1_4,1_4&#8243; use_custom_gutter=&#8220;on&#8220; gutter_width=&#8220;2&#8243; _builder_version=&#8220;4.4.4&#8243;][et_pb_column type=&#8220;1_2&#8243; _builder_version=&#8220;4.4.4&#8243;][et_pb_text _builder_version=&#8220;4.6.6&#8243; text_line_height=&#8220;2.2em&#8220; header_4_font=&#8220;Antic Didone|||on|||||&#8220; header_4_text_color=&#8220;#000000&#8243; header_4_font_size=&#8220;17px&#8220; header_4_letter_spacing=&#8220;2px&#8220; header_4_line_height=&#8220;1.8em&#8220; header_4_font_size_tablet=&#8220;18px&#8220; header_4_font_size_phone=&#8220;&#8220; header_4_font_size_last_edited=&#8220;on|phone&#8220; locked=&#8220;off&#8220;]<\/p>\n<p>Kein Hund ist wie der Andere. Daher gehe ich bei den Fotoshootings ganz individuell auf jeden Hund ein. Bei den Shootings gint es keinen erfolgsdruck oder Zwang. Ich habe viele Ideen im Kopf, aber der Hund entscheidet ob er mitmachen m\u00f6chte.<\/p>\n<p>&nbsp;<\/p>\n<p>[\/et_pb_text][\/et_pb_column][et_pb_column type=&#8220;1_4&#8243; _builder_version=&#8220;4.4.4&#8243;][et_pb_image src=&#8220;https:\/\/best-buddy.ch\/wp-content\/uploads\/2020\/10\/Nina-59-scaled.jpg&#8220; title_text=&#8220;Nina-59&#8243; _builder_version=&#8220;4.6.6&#8243; locked=&#8220;off&#8220;][\/et_pb_image][\/et_pb_column][et_pb_column type=&#8220;1_4&#8243; _builder_version=&#8220;4.4.4&#8243;][et_pb_image src=&#8220;https:\/\/best-buddy.ch\/wp-content\/uploads\/2020\/10\/Dogs-326.jpg&#8220; title_text=&#8220;Dogs-326&#8243; _builder_version=&#8220;4.6.6&#8243; locked=&#8220;off&#8220;][\/et_pb_image][\/et_pb_column][\/et_pb_row][\/et_pb_section][et_pb_section fb_built=&#8220;1&#8243; _builder_version=&#8220;4.6.6&#8243; _module_preset=&#8220;default&#8220;][et_pb_row _builder_version=&#8220;4.6.6&#8243; _module_preset=&#8220;default&#8220;][et_pb_column type=&#8220;4_4&#8243; _builder_version=&#8220;4.6.6&#8243; _module_preset=&#8220;default&#8220;][et_pb_contact_form _builder_version=&#8220;4.6.6&#8243; _module_preset=&#8220;default&#8220;][et_pb_contact_field field_id=&#8220;Name&#8220; field_title=&#8220;Name&#8220; _builder_version=&#8220;3.16&#8243; button_text_size__hover_enabled=&#8220;off&#8220; button_one_text_size__hover_enabled=&#8220;off&#8220; button_two_text_size__hover_enabled=&#8220;off&#8220; button_text_color__hover_enabled=&#8220;off&#8220; button_one_text_color__hover_enabled=&#8220;off&#8220; button_two_text_color__hover_enabled=&#8220;off&#8220; button_border_width__hover_enabled=&#8220;off&#8220; button_one_border_width__hover_enabled=&#8220;off&#8220; button_two_border_width__hover_enabled=&#8220;off&#8220; button_border_color__hover_enabled=&#8220;off&#8220; button_one_border_color__hover_enabled=&#8220;off&#8220; button_two_border_color__hover_enabled=&#8220;off&#8220; button_border_radius__hover_enabled=&#8220;off&#8220; button_one_border_radius__hover_enabled=&#8220;off&#8220; button_two_border_radius__hover_enabled=&#8220;off&#8220; button_letter_spacing__hover_enabled=&#8220;off&#8220; button_one_letter_spacing__hover_enabled=&#8220;off&#8220; button_two_letter_spacing__hover_enabled=&#8220;off&#8220; button_bg_color__hover_enabled=&#8220;off&#8220; button_one_bg_color__hover_enabled=&#8220;off&#8220; button_two_bg_color__hover_enabled=&#8220;off&#8220;][\/et_pb_contact_field][et_pb_contact_field field_id=&#8220;Message&#8220; field_title=&#8220;Nachricht&#8220; field_type=&#8220;text&#8220; fullwidth_field=&#8220;on&#8220; _builder_version=&#8220;3.16&#8243; button_text_size__hover_enabled=&#8220;off&#8220; button_one_text_size__hover_enabled=&#8220;off&#8220; button_two_text_size__hover_enabled=&#8220;off&#8220; button_text_color__hover_enabled=&#8220;off&#8220; button_one_text_color__hover_enabled=&#8220;off&#8220; button_two_text_color__hover_enabled=&#8220;off&#8220; button_border_width__hover_enabled=&#8220;off&#8220; button_one_border_width__hover_enabled=&#8220;off&#8220; button_two_border_width__hover_enabled=&#8220;off&#8220; button_border_color__hover_enabled=&#8220;off&#8220; button_one_border_color__hover_enabled=&#8220;off&#8220; button_two_border_color__hover_enabled=&#8220;off&#8220; button_border_radius__hover_enabled=&#8220;off&#8220; button_one_border_radius__hover_enabled=&#8220;off&#8220; button_two_border_radius__hover_enabled=&#8220;off&#8220; button_letter_spacing__hover_enabled=&#8220;off&#8220; button_one_letter_spacing__hover_enabled=&#8220;off&#8220; button_two_letter_spacing__hover_enabled=&#8220;off&#8220; button_bg_color__hover_enabled=&#8220;off&#8220; button_one_bg_color__hover_enabled=&#8220;off&#8220; button_two_bg_color__hover_enabled=&#8220;off&#8220;][\/et_pb_contact_field][et_pb_contact_field field_id=&#8220;Field_4&#8243; field_title=&#8220;Telefon&#8220; required_mark=&#8220;off&#8220; fullwidth_field=&#8220;on&#8220; _builder_version=&#8220;4.6.6&#8243; _module_preset=&#8220;default&#8220;][\/et_pb_contact_field][et_pb_contact_field field_id=&#8220;Field_4_2&#8243; field_title=&#8220;E-mail&#8220; fullwidth_field=&#8220;on&#8220; _builder_version=&#8220;4.6.6&#8243; _module_preset=&#8220;default&#8220;][\/et_pb_contact_field][\/et_pb_contact_form][\/et_pb_column][\/et_pb_row][\/et_pb_section]<\/p>\n","protected":false},"excerpt":{"rendered":"<p>[et_pb_section fb_built=&#8220;1&#8243; admin_label=&#8220;Header&#8220; _builder_version=&#8220;4.4.4&#8243; custom_padding=&#8220;||0px|||&#8220;][et_pb_row column_structure=&#8220;1_3,1_3,1_3&#8243; _builder_version=&#8220;4.4.4&#8243;][et_pb_column type=&#8220;1_3&#8243; _builder_version=&#8220;4.4.4&#8243; z_index=&#8220;10&#8243; custom_padding=&#8220;40px||||false|false&#8220; custom_padding_tablet=&#8220;0px||||false|false&#8220; custom_padding_phone=&#8220;&#8220; custom_padding_last_edited=&#8220;on|tablet&#8220;][et_pb_text _builder_version=&#8220;4.6.6&#8243; header_font=&#8220;Antic Didone|||on|||||&#8220; header_text_color=&#8220;#000000&#8243; header_font_size=&#8220;75px&#8220; header_letter_spacing=&#8220;3px&#8220; header_line_height=&#8220;1.3em&#8220; custom_margin=&#8220;|-80%|||false|false&#8220; custom_margin_tablet=&#8220;40px|0px|40px||true|false&#8220; custom_margin_phone=&#8220;30px||30px||true|false&#8220; custom_margin_last_edited=&#8220;on|phone&#8220; header_font_size_tablet=&#8220;40px&#8220; header_font_size_phone=&#8220;24px&#8220; header_font_size_last_edited=&#8220;on|phone&#8220;] Hi, ich bin Lars [\/et_pb_text][et_pb_text _builder_version=&#8220;4.6.6&#8243; header_4_font=&#8220;Antic Didone|||on|||||&#8220; header_4_font_size=&#8220;20px&#8220; header_4_letter_spacing=&#8220;2px&#8220; header_4_line_height=&#8220;1.4em&#8220; max_width=&#8220;700px&#8220; module_alignment=&#8220;center&#8220; header_4_font_size_tablet=&#8220;18px&#8220; header_4_font_size_phone=&#8220;&#8220; header_4_font_size_last_edited=&#8220;on|phone&#8220; locked=&#8220;off&#8220;] ein Hundefotograf in der schweiz &nbsp; [\/et_pb_text][et_pb_social_media_follow _builder_version=&#8220;4.6.6&#8243; locked=&#8220;off&#8220;][et_pb_social_media_follow_network social_network=&#8220;facebook&#8220; [&hellip;]<\/p>\n","protected":false},"author":1,"featured_media":0,"parent":0,"menu_order":0,"comment_status":"closed","ping_status":"closed","template":"","meta":{"_et_pb_use_builder":"on","_et_pb_old_content":"","_et_gb_content_width":""},"yoast_head":"<!-- This site is optimized with the Yoast SEO plugin v15.5 - https:\/\/yoast.com\/wordpress\/plugins\/seo\/ -->\n<title>About - Best Buddy by Lars Henschel<\/title>\n<meta name=\"robots\" content=\"index, follow, max-snippet:-1, max-image-preview:large, max-video-preview:-1\" \/>\n<link rel=\"canonical\" href=\"https:\/\/best-buddy.ch\/?page_id=234\" \/>\n<meta property=\"og:locale\" content=\"de_DE\" \/>\n<meta property=\"og:type\" content=\"article\" \/>\n<meta property=\"og:title\" content=\"About - Best Buddy by Lars Henschel\" \/>\n<meta property=\"og:description\" content=\"[et_pb_section fb_built=&#8220;1&#8243; admin_label=&#8220;Header&#8220; _builder_version=&#8220;4.4.4&#8243; custom_padding=&#8220;||0px|||&#8220;][et_pb_row column_structure=&#8220;1_3,1_3,1_3&#8243; _builder_version=&#8220;4.4.4&#8243;][et_pb_column type=&#8220;1_3&#8243; _builder_version=&#8220;4.4.4&#8243; z_index=&#8220;10&#8243; custom_padding=&#8220;40px||||false|false&#8220; custom_padding_tablet=&#8220;0px||||false|false&#8220; custom_padding_phone=&#8220;&#8220; custom_padding_last_edited=&#8220;on|tablet&#8220;][et_pb_text _builder_version=&#8220;4.6.6&#8243; header_font=&#8220;Antic Didone|||on|||||&#8220; header_text_color=&#8220;#000000&#8243; header_font_size=&#8220;75px&#8220; header_letter_spacing=&#8220;3px&#8220; header_line_height=&#8220;1.3em&#8220; custom_margin=&#8220;|-80%|||false|false&#8220; custom_margin_tablet=&#8220;40px|0px|40px||true|false&#8220; custom_margin_phone=&#8220;30px||30px||true|false&#8220; custom_margin_last_edited=&#8220;on|phone&#8220; header_font_size_tablet=&#8220;40px&#8220; header_font_size_phone=&#8220;24px&#8220; header_font_size_last_edited=&#8220;on|phone&#8220;] Hi, ich bin Lars [\/et_pb_text][et_pb_text _builder_version=&#8220;4.6.6&#8243; header_4_font=&#8220;Antic Didone|||on|||||&#8220; header_4_font_size=&#8220;20px&#8220; header_4_letter_spacing=&#8220;2px&#8220; header_4_line_height=&#8220;1.4em&#8220; max_width=&#8220;700px&#8220; module_alignment=&#8220;center&#8220; header_4_font_size_tablet=&#8220;18px&#8220; header_4_font_size_phone=&#8220;&#8220; header_4_font_size_last_edited=&#8220;on|phone&#8220; locked=&#8220;off&#8220;] ein Hundefotograf in der schweiz &nbsp; [\/et_pb_text][et_pb_social_media_follow _builder_version=&#8220;4.6.6&#8243; locked=&#8220;off&#8220;][et_pb_social_media_follow_network social_network=&#8220;facebook&#8220; [&hellip;]\" \/>\n<meta property=\"og:url\" content=\"https:\/\/best-buddy.ch\/?page_id=234\" \/>\n<meta property=\"og:site_name\" content=\"Best Buddy by Lars Henschel\" \/>\n<meta property=\"article:modified_time\" content=\"2023-02-19T19:01:19+00:00\" \/>\n<meta name=\"twitter:card\" content=\"summary_large_image\" \/>\n<meta name=\"twitter:label1\" content=\"Gesch\u00e4tzte Lesezeit\">\n\t<meta name=\"twitter:data1\" content=\"6\u00a0Minuten\">\n<script type=\"application\/ld+json\" class=\"yoast-schema-graph\">{\"@context\":\"https:\/\/schema.org\",\"@graph\":[{\"@type\":\"WebSite\",\"@id\":\"https:\/\/best-buddy.ch\/#website\",\"url\":\"https:\/\/best-buddy.ch\/\",\"name\":\"Best Buddy by Lars Henschel\",\"description\":\"Der Hundefotograf\",\"potentialAction\":[{\"@type\":\"SearchAction\",\"target\":\"https:\/\/best-buddy.ch\/?s={search_term_string}\",\"query-input\":\"required name=search_term_string\"}],\"inLanguage\":\"de\"},{\"@type\":\"WebPage\",\"@id\":\"https:\/\/best-buddy.ch\/?page_id=234#webpage\",\"url\":\"https:\/\/best-buddy.ch\/?page_id=234\",\"name\":\"About - Best Buddy by Lars Henschel\",\"isPartOf\":{\"@id\":\"https:\/\/best-buddy.ch\/#website\"},\"datePublished\":\"2020-10-30T23:26:57+00:00\",\"dateModified\":\"2023-02-19T19:01:19+00:00\",\"inLanguage\":\"de\",\"potentialAction\":[{\"@type\":\"ReadAction\",\"target\":[\"https:\/\/best-buddy.ch\/?page_id=234\"]}]}]}<\/script>\n<!-- \/ Yoast SEO plugin. -->","_links":{"self":[{"href":"https:\/\/best-buddy.ch\/index.php?rest_route=\/wp\/v2\/pages\/234"}],"collection":[{"href":"https:\/\/best-buddy.ch\/index.php?rest_route=\/wp\/v2\/pages"}],"about":[{"href":"https:\/\/best-buddy.ch\/index.php?rest_route=\/wp\/v2\/types\/page"}],"author":[{"embeddable":true,"href":"https:\/\/best-buddy.ch\/index.php?rest_route=\/wp\/v2\/users\/1"}],"replies":[{"embeddable":true,"href":"https:\/\/best-buddy.ch\/index.php?rest_route=%2Fwp%2Fv2%2Fcomments&post=234"}],"version-history":[{"count":10,"href":"https:\/\/best-buddy.ch\/index.php?rest_route=\/wp\/v2\/pages\/234\/revisions"}],"predecessor-version":[{"id":1439,"href":"https:\/\/best-buddy.ch\/index.php?rest_route=\/wp\/v2\/pages\/234\/revisions\/1439"}],"wp:attachment":[{"href":"https:\/\/best-buddy.ch\/index.php?rest_route=%2Fwp%2Fv2%2Fmedia&parent=234"}],"curies":[{"name":"wp","href":"https:\/\/api.w.org\/{rel}","templated":true}]}}