{"id":1029,"date":"2021-01-31T17:27:02","date_gmt":"2021-01-31T17:27:02","guid":{"rendered":"https:\/\/best-buddy.ch\/?page_id=1029"},"modified":"2023-02-19T19:29:54","modified_gmt":"2023-02-19T19:29:54","slug":"outdoor","status":"publish","type":"page","link":"https:\/\/best-buddy.ch\/?page_id=1029","title":{"rendered":"Outdoor"},"content":{"rendered":"<p>[et_pb_section fb_built=&#8220;1&#8243; disabled_on=&#8220;on|on|off&#8220; admin_label=&#8220;Page Title Section&#8220; _builder_version=&#8220;4.6.6&#8243; background_color_gradient_direction=&#8220;120deg&#8220; background_image=&#8220;https:\/\/best-buddy.ch\/wp-content\/uploads\/2021\/01\/Harry-Panorama.jpg&#8220; parallax=&#8220;on&#8220; parallax_method=&#8220;off&#8220; width=&#8220;100%&#8220; max_width=&#8220;100%&#8220; module_alignment=&#8220;center&#8220; custom_margin=&#8220;||305px|||&#8220; custom_padding=&#8220;105px||9px||false|false&#8220; scroll_vertical_motion_enable=&#8220;on&#8220;][et_pb_row column_structure=&#8220;2_3,1_3&#8243; _builder_version=&#8220;3.25&#8243; background_size=&#8220;initial&#8220; background_position=&#8220;top_left&#8220; background_repeat=&#8220;repeat&#8220; custom_margin=&#8220;-60px|735px|745px|auto||&#8220;][et_pb_column type=&#8220;2_3&#8243; _builder_version=&#8220;3.25&#8243; custom_padding=&#8220;|||&#8220; custom_padding__hover=&#8220;|||&#8220;][et_pb_text admin_label=&#8220;Title&#8220; _builder_version=&#8220;4.6.6&#8243; text_font=&#8220;Lato||||||||&#8220; text_text_color=&#8220;#000000&#8243; header_font=&#8220;Lato|600|||||||&#8220; header_text_color=&#8220;#000000&#8243; header_font_size=&#8220;61px&#8220; header_line_height=&#8220;1.2em&#8220; header_2_font=&#8220;||||||||&#8220; header_2_font_size=&#8220;60px&#8220; background_layout=&#8220;dark&#8220; custom_margin=&#8220;||20px|&#8220; custom_padding=&#8220;|||&#8220; animation_style=&#8220;fade&#8220; header_font_size_tablet=&#8220;&#8220; header_font_size_phone=&#8220;40px&#8220; header_font_size_last_edited=&#8220;on|phone&#8220;]<\/p>\n<h1>Hundefotos Outdoor<\/h1>\n<p>[\/et_pb_text][et_pb_text admin_label=&#8220;Page Subtitle&#8220; _builder_version=&#8220;4.6.6&#8243; text_font=&#8220;Lato||||||||&#8220; text_text_color=&#8220;#000000&#8243; text_font_size=&#8220;18px&#8220; text_line_height=&#8220;1.8em&#8220; header_font=&#8220;||||||||&#8220; background_layout=&#8220;dark&#8220; animation_style=&#8220;fade&#8220;]<\/p>\n<p>Der Wind weht durch das Fell deines Hundes und im Hintergrund schimmert der See oder die beeindruckende Bergkulise. Dein Hund ist ausgelassen, neugierig und freut sich mit Dir und mir unterwegs zu sein um emotionelle Hundefotos in der Natur entstehen zu lassen.<\/p>\n<p>Lasst uns einen abenteuerlichen Tag mit euren Hunden im Freien verbringen und dabei die sch\u00f6nsten Actionfotos und Hundeportr\u00e4ts in der wundersch\u00f6nen Natur der Schweiz kreieren.\u00a0<\/p>\n<p>Ab dem Fr\u00fchjahr biete ich euch auch Fotoshootings mit eurem Hund in den T\u00e4lern der Maggia und Verzasca an. Die Sch\u00f6nheit des Tessins hat mich schon immer fasziniert und stell Dir vor wie toll ein grosses Wandbild Deines Hundes vor der farbenreichen und faszinierten Felskulisse dieser tollen Schluchten und Wasserl\u00e4ufe wirkt.<\/p>\n<p>Wenn ich weiss dass euer Hund taucht, k\u00f6nenn wir auch Unterwasserfotos Deines Hundes machen.<\/p>\n<p>&nbsp;<\/p>\n<p>[\/et_pb_text][\/et_pb_column][et_pb_column type=&#8220;1_3&#8243; _builder_version=&#8220;3.25&#8243; custom_padding=&#8220;|||&#8220; custom_padding__hover=&#8220;|||&#8220;][\/et_pb_column][\/et_pb_row][\/et_pb_section][et_pb_section fb_built=&#8220;1&#8243; _builder_version=&#8220;4.6.6&#8243; _module_preset=&#8220;default&#8220;][et_pb_row column_structure=&#8220;1_2,1_2&#8243; _builder_version=&#8220;4.6.6&#8243; _module_preset=&#8220;default&#8220;][et_pb_column type=&#8220;1_2&#8243; _builder_version=&#8220;4.6.6&#8243; _module_preset=&#8220;default&#8220;][\/et_pb_column][et_pb_column type=&#8220;1_2&#8243; _builder_version=&#8220;4.6.6&#8243; _module_preset=&#8220;default&#8220;][\/et_pb_column][\/et_pb_row][\/et_pb_section][et_pb_section fb_built=&#8220;1&#8243; _builder_version=&#8220;4.6.6&#8243; background_color=&#8220;#efe9e4&#8243; custom_margin=&#8220;-942px|||||&#8220; custom_padding=&#8220;90px||105px|||&#8220;][et_pb_row column_structure=&#8220;1_3,1_3,1_3&#8243; use_custom_gutter=&#8220;on&#8220; gutter_width=&#8220;2&#8243; make_equal=&#8220;on&#8220; module_class=&#8220; et_pb_row_fullwidth&#8220; _builder_version=&#8220;4.6.6&#8243; width=&#8220;94%&#8220; width_tablet=&#8220;80%&#8220; width_phone=&#8220;&#8220; width_last_edited=&#8220;on|desktop&#8220; max_width=&#8220;94%&#8220; max_width_tablet=&#8220;80%&#8220; max_width_phone=&#8220;&#8220; max_width_last_edited=&#8220;on|desktop&#8220; make_fullwidth=&#8220;on&#8220;][et_pb_column type=&#8220;1_3&#8243; _builder_version=&#8220;3.25&#8243; custom_padding=&#8220;|||&#8220; custom_padding__hover=&#8220;|||&#8220;][et_pb_image src=&#8220;https:\/\/best-buddy.ch\/wp-content\/uploads\/2021\/01\/20210124-Maya-195.jpg&#8220; title_text=&#8220;Hundeprofi&#8220; force_fullwidth=&#8220;on&#8220; align_tablet=&#8220;center&#8220; align_phone=&#8220;&#8220; align_last_edited=&#8220;on|desktop&#8220; _builder_version=&#8220;4.6.6&#8243; animation_style=&#8220;fade&#8220;][\/et_pb_image][\/et_pb_column][et_pb_column type=&#8220;1_3&#8243; _builder_version=&#8220;3.25&#8243; custom_padding=&#8220;|||&#8220; custom_padding__hover=&#8220;|||&#8220;][et_pb_image src=&#8220;https:\/\/best-buddy.ch\/wp-content\/uploads\/2021\/01\/20210124-Maya-98.jpg&#8220; title_text=&#8220;Hundefoto Reflexion See&#8220; force_fullwidth=&#8220;on&#8220; align_tablet=&#8220;center&#8220; align_phone=&#8220;&#8220; align_last_edited=&#8220;on|desktop&#8220; _builder_version=&#8220;4.6.6&#8243; animation_style=&#8220;fade&#8220;][\/et_pb_image][\/et_pb_column][et_pb_column type=&#8220;1_3&#8243; _builder_version=&#8220;3.25&#8243; custom_padding=&#8220;|||&#8220; custom_padding__hover=&#8220;|||&#8220;][et_pb_image src=&#8220;https:\/\/best-buddy.ch\/wp-content\/uploads\/2021\/01\/20210124-Maya-209.jpg&#8220; title_text=&#8220;Hundefotos in den bergen&#8220; force_fullwidth=&#8220;on&#8220; align_tablet=&#8220;center&#8220; align_phone=&#8220;&#8220; align_last_edited=&#8220;on|desktop&#8220; _builder_version=&#8220;4.6.6&#8243; animation_style=&#8220;fade&#8220;][\/et_pb_image][\/et_pb_column][\/et_pb_row][et_pb_row column_structure=&#8220;1_3,1_3,1_3&#8243; use_custom_gutter=&#8220;on&#8220; gutter_width=&#8220;2&#8243; make_equal=&#8220;on&#8220; module_class=&#8220; et_pb_row_fullwidth&#8220; _builder_version=&#8220;3.25&#8243; width=&#8220;94%&#8220; width_tablet=&#8220;80%&#8220; width_phone=&#8220;&#8220; width_last_edited=&#8220;on|desktop&#8220; max_width=&#8220;94%&#8220; max_width_tablet=&#8220;80%&#8220; max_width_phone=&#8220;&#8220; max_width_last_edited=&#8220;on|desktop&#8220; make_fullwidth=&#8220;on&#8220;][et_pb_column type=&#8220;1_3&#8243; _builder_version=&#8220;3.25&#8243; custom_padding=&#8220;|||&#8220; custom_padding__hover=&#8220;|||&#8220;][et_pb_image src=&#8220;https:\/\/best-buddy.ch\/wp-content\/uploads\/2021\/01\/20210124-850_9663.jpg&#8220; title_text=&#8220;Hundefotos See&#8220; force_fullwidth=&#8220;on&#8220; align_tablet=&#8220;center&#8220; align_phone=&#8220;&#8220; align_last_edited=&#8220;on|desktop&#8220; _builder_version=&#8220;4.6.6&#8243; animation_style=&#8220;fade&#8220;][\/et_pb_image][\/et_pb_column][et_pb_column type=&#8220;1_3&#8243; _builder_version=&#8220;3.25&#8243; custom_padding=&#8220;|||&#8220; custom_padding__hover=&#8220;|||&#8220;][et_pb_image src=&#8220;https:\/\/best-buddy.ch\/wp-content\/uploads\/2021\/01\/20210124-Maya-229-Bearbeitet.jpg&#8220; title_text=&#8220;Hund Bergkulisse&#8220; force_fullwidth=&#8220;on&#8220; align_tablet=&#8220;center&#8220; align_phone=&#8220;&#8220; align_last_edited=&#8220;on|desktop&#8220; _builder_version=&#8220;4.6.6&#8243; animation_style=&#8220;fade&#8220;][\/et_pb_image][\/et_pb_column][et_pb_column type=&#8220;1_3&#8243; _builder_version=&#8220;3.25&#8243; custom_padding=&#8220;|||&#8220; custom_padding__hover=&#8220;|||&#8220;][et_pb_image src=&#8220;https:\/\/best-buddy.ch\/wp-content\/uploads\/2021\/01\/20210124-850_9707.jpg&#8220; title_text=&#8220;Abenteuerliche Hundefotos&#8220; force_fullwidth=&#8220;on&#8220; align_tablet=&#8220;center&#8220; align_phone=&#8220;&#8220; align_last_edited=&#8220;on|desktop&#8220; _builder_version=&#8220;4.6.6&#8243; animation_style=&#8220;fade&#8220;][\/et_pb_image][\/et_pb_column][\/et_pb_row][et_pb_row column_structure=&#8220;1_3,1_3,1_3&#8243; use_custom_gutter=&#8220;on&#8220; gutter_width=&#8220;2&#8243; make_equal=&#8220;on&#8220; module_class=&#8220; et_pb_row_fullwidth&#8220; _builder_version=&#8220;3.25&#8243; width=&#8220;94%&#8220; width_tablet=&#8220;80%&#8220; width_phone=&#8220;&#8220; width_last_edited=&#8220;on|desktop&#8220; max_width=&#8220;94%&#8220; max_width_tablet=&#8220;80%&#8220; max_width_phone=&#8220;&#8220; max_width_last_edited=&#8220;on|desktop&#8220; make_fullwidth=&#8220;on&#8220;][et_pb_column type=&#8220;1_3&#8243; _builder_version=&#8220;3.25&#8243; custom_padding=&#8220;|||&#8220; custom_padding__hover=&#8220;|||&#8220;][et_pb_image src=&#8220;https:\/\/best-buddy.ch\/wp-content\/uploads\/2021\/01\/20210108-850_9320-1.jpg&#8220; title_text=&#8220;Hundeportr\u00e4t Outdoor&#8220; force_fullwidth=&#8220;on&#8220; align_tablet=&#8220;center&#8220; align_phone=&#8220;&#8220; align_last_edited=&#8220;on|desktop&#8220; _builder_version=&#8220;4.6.6&#8243; animation_style=&#8220;fade&#8220;][\/et_pb_image][\/et_pb_column][et_pb_column type=&#8220;1_3&#8243; _builder_version=&#8220;3.25&#8243; custom_padding=&#8220;|||&#8220; custom_padding__hover=&#8220;|||&#8220;][et_pb_image src=&#8220;https:\/\/best-buddy.ch\/wp-content\/uploads\/2021\/01\/20210108-850_9288.jpg&#8220; title_text=&#8220;Actionfotos Hunde Natur&#8220; force_fullwidth=&#8220;on&#8220; align_tablet=&#8220;center&#8220; align_phone=&#8220;&#8220; align_last_edited=&#8220;on|desktop&#8220; _builder_version=&#8220;4.6.6&#8243; animation_style=&#8220;fade&#8220;][\/et_pb_image][\/et_pb_column][et_pb_column type=&#8220;1_3&#8243; _builder_version=&#8220;3.25&#8243; custom_padding=&#8220;|||&#8220; custom_padding__hover=&#8220;|||&#8220;][et_pb_image src=&#8220;https:\/\/best-buddy.ch\/wp-content\/uploads\/2021\/01\/20210108-850_9189-Bearbeitet-1.jpg&#8220; title_text=&#8220;Rennender Hund&#8220; force_fullwidth=&#8220;on&#8220; align_tablet=&#8220;center&#8220; align_phone=&#8220;&#8220; align_last_edited=&#8220;on|desktop&#8220; _builder_version=&#8220;4.6.6&#8243; animation_style=&#8220;fade&#8220;][\/et_pb_image][\/et_pb_column][\/et_pb_row][\/et_pb_section][et_pb_section fb_built=&#8220;1&#8243; _builder_version=&#8220;4.6.6&#8243; _module_preset=&#8220;default&#8220;][et_pb_row _builder_version=&#8220;4.6.6&#8243; _module_preset=&#8220;default&#8220;][et_pb_column type=&#8220;4_4&#8243; _builder_version=&#8220;4.6.6&#8243; _module_preset=&#8220;default&#8220;][et_pb_contact_form _builder_version=&#8220;4.6.6&#8243; _module_preset=&#8220;default&#8220; hover_enabled=&#8220;0&#8243; sticky_enabled=&#8220;0&#8243;][et_pb_contact_field field_id=&#8220;Name&#8220; field_title=&#8220;Name&#8220; _builder_version=&#8220;3.16&#8243; button_text_size__hover_enabled=&#8220;off&#8220; button_one_text_size__hover_enabled=&#8220;off&#8220; button_two_text_size__hover_enabled=&#8220;off&#8220; button_text_color__hover_enabled=&#8220;off&#8220; button_one_text_color__hover_enabled=&#8220;off&#8220; button_two_text_color__hover_enabled=&#8220;off&#8220; button_border_width__hover_enabled=&#8220;off&#8220; button_one_border_width__hover_enabled=&#8220;off&#8220; button_two_border_width__hover_enabled=&#8220;off&#8220; button_border_color__hover_enabled=&#8220;off&#8220; button_one_border_color__hover_enabled=&#8220;off&#8220; button_two_border_color__hover_enabled=&#8220;off&#8220; button_border_radius__hover_enabled=&#8220;off&#8220; button_one_border_radius__hover_enabled=&#8220;off&#8220; button_two_border_radius__hover_enabled=&#8220;off&#8220; button_letter_spacing__hover_enabled=&#8220;off&#8220; button_one_letter_spacing__hover_enabled=&#8220;off&#8220; button_two_letter_spacing__hover_enabled=&#8220;off&#8220; button_bg_color__hover_enabled=&#8220;off&#8220; button_one_bg_color__hover_enabled=&#8220;off&#8220; button_two_bg_color__hover_enabled=&#8220;off&#8220;][\/et_pb_contact_field][et_pb_contact_field field_id=&#8220;Field_4_2&#8243; field_title=&#8220;E-mail&#8220; fullwidth_field=&#8220;on&#8220; _builder_version=&#8220;4.6.6&#8243; _module_preset=&#8220;default&#8220;][\/et_pb_contact_field][et_pb_contact_field field_id=&#8220;Message&#8220; field_title=&#8220;Message&#8220; field_type=&#8220;text&#8220; fullwidth_field=&#8220;on&#8220; _builder_version=&#8220;4.6.6&#8243; hover_enabled=&#8220;0&#8243; button_text_size__hover_enabled=&#8220;off&#8220; button_one_text_size__hover_enabled=&#8220;off&#8220; button_two_text_size__hover_enabled=&#8220;off&#8220; button_text_color__hover_enabled=&#8220;off&#8220; button_one_text_color__hover_enabled=&#8220;off&#8220; button_two_text_color__hover_enabled=&#8220;off&#8220; button_border_width__hover_enabled=&#8220;off&#8220; button_one_border_width__hover_enabled=&#8220;off&#8220; button_two_border_width__hover_enabled=&#8220;off&#8220; button_border_color__hover_enabled=&#8220;off&#8220; button_one_border_color__hover_enabled=&#8220;off&#8220; button_two_border_color__hover_enabled=&#8220;off&#8220; button_border_radius__hover_enabled=&#8220;off&#8220; button_one_border_radius__hover_enabled=&#8220;off&#8220; button_two_border_radius__hover_enabled=&#8220;off&#8220; button_letter_spacing__hover_enabled=&#8220;off&#8220; button_one_letter_spacing__hover_enabled=&#8220;off&#8220; button_two_letter_spacing__hover_enabled=&#8220;off&#8220; button_bg_color__hover_enabled=&#8220;off&#8220; button_one_bg_color__hover_enabled=&#8220;off&#8220; button_two_bg_color__hover_enabled=&#8220;off&#8220; sticky_enabled=&#8220;0&#8243;][\/et_pb_contact_field][et_pb_contact_field field_id=&#8220;Field_4&#8243; field_title=&#8220;Telefon&#8220; required_mark=&#8220;off&#8220; fullwidth_field=&#8220;on&#8220; _builder_version=&#8220;4.6.6&#8243; _module_preset=&#8220;default&#8220;][\/et_pb_contact_field][\/et_pb_contact_form][\/et_pb_column][\/et_pb_row][\/et_pb_section][et_pb_section fb_built=&#8220;1&#8243; admin_label=&#8220;Divider Section&#8220; _builder_version=&#8220;3.22&#8243; background_color=&#8220;#1e1d1c&#8220; custom_padding=&#8220;0px||0px|&#8220;][et_pb_row admin_label=&#8220;Divider Area&#8220; _builder_version=&#8220;3.25&#8243; custom_padding=&#8220;0px||0px|&#8220;][et_pb_column type=&#8220;4_4&#8243; _builder_version=&#8220;3.25&#8243; custom_padding=&#8220;|||&#8220; custom_padding__hover=&#8220;|||&#8220;][et_pb_divider color=&#8220;rgba(255,255,255,0.12)&#8220; divider_position=&#8220;center&#8220; _builder_version=&#8220;3.2&#8243;][\/et_pb_divider][\/et_pb_column][\/et_pb_row][\/et_pb_section][et_pb_section fb_built=&#8220;1&#8243; admin_label=&#8220;Divider Section&#8220; _builder_version=&#8220;3.22&#8243; background_color=&#8220;#1e1d1c&#8220; custom_padding=&#8220;0px||0px|&#8220;][et_pb_row admin_label=&#8220;Divider Area&#8220; _builder_version=&#8220;3.25&#8243; custom_padding=&#8220;0px||0px|&#8220;][et_pb_column type=&#8220;4_4&#8243; _builder_version=&#8220;3.25&#8243; custom_padding=&#8220;|||&#8220; custom_padding__hover=&#8220;|||&#8220;][et_pb_divider color=&#8220;rgba(255,255,255,0.12)&#8220; divider_position=&#8220;center&#8220; _builder_version=&#8220;3.2&#8243;][\/et_pb_divider][\/et_pb_column][\/et_pb_row][\/et_pb_section]<\/p>\n","protected":false},"excerpt":{"rendered":"<p>[et_pb_section fb_built=&#8220;1&#8243; disabled_on=&#8220;on|on|off&#8220; admin_label=&#8220;Page Title Section&#8220; _builder_version=&#8220;4.6.6&#8243; background_color_gradient_direction=&#8220;120deg&#8220; background_image=&#8220;https:\/\/best-buddy.ch\/wp-content\/uploads\/2021\/01\/Harry-Panorama.jpg&#8220; parallax=&#8220;on&#8220; parallax_method=&#8220;off&#8220; width=&#8220;100%&#8220; max_width=&#8220;100%&#8220; module_alignment=&#8220;center&#8220; custom_margin=&#8220;||305px|||&#8220; custom_padding=&#8220;105px||9px||false|false&#8220; scroll_vertical_motion_enable=&#8220;on&#8220;][et_pb_row column_structure=&#8220;2_3,1_3&#8243; _builder_version=&#8220;3.25&#8243; background_size=&#8220;initial&#8220; background_position=&#8220;top_left&#8220; background_repeat=&#8220;repeat&#8220; custom_margin=&#8220;-60px|735px|745px|auto||&#8220;][et_pb_column type=&#8220;2_3&#8243; _builder_version=&#8220;3.25&#8243; custom_padding=&#8220;|||&#8220; custom_padding__hover=&#8220;|||&#8220;][et_pb_text admin_label=&#8220;Title&#8220; _builder_version=&#8220;4.6.6&#8243; text_font=&#8220;Lato||||||||&#8220; text_text_color=&#8220;#000000&#8243; header_font=&#8220;Lato|600|||||||&#8220; header_text_color=&#8220;#000000&#8243; header_font_size=&#8220;61px&#8220; header_line_height=&#8220;1.2em&#8220; header_2_font=&#8220;||||||||&#8220; header_2_font_size=&#8220;60px&#8220; background_layout=&#8220;dark&#8220; custom_margin=&#8220;||20px|&#8220; custom_padding=&#8220;|||&#8220; animation_style=&#8220;fade&#8220; header_font_size_tablet=&#8220;&#8220; header_font_size_phone=&#8220;40px&#8220; header_font_size_last_edited=&#8220;on|phone&#8220;] Hundefotos Outdoor [\/et_pb_text][et_pb_text admin_label=&#8220;Page Subtitle&#8220; _builder_version=&#8220;4.6.6&#8243; text_font=&#8220;Lato||||||||&#8220; text_text_color=&#8220;#000000&#8243; text_font_size=&#8220;18px&#8220; text_line_height=&#8220;1.8em&#8220; header_font=&#8220;||||||||&#8220; [&hellip;]<\/p>\n","protected":false},"author":1,"featured_media":0,"parent":0,"menu_order":0,"comment_status":"closed","ping_status":"closed","template":"","meta":{"_et_pb_use_builder":"on","_et_pb_old_content":"","_et_gb_content_width":""},"yoast_head":"<!-- This site is optimized with the Yoast SEO plugin v15.5 - https:\/\/yoast.com\/wordpress\/plugins\/seo\/ -->\n<title>Outdoor - Best Buddy by Lars Henschel<\/title>\n<meta name=\"robots\" content=\"index, follow, max-snippet:-1, max-image-preview:large, max-video-preview:-1\" \/>\n<link rel=\"canonical\" href=\"https:\/\/best-buddy.ch\/?page_id=1029\" \/>\n<meta property=\"og:locale\" content=\"de_DE\" \/>\n<meta property=\"og:type\" content=\"article\" \/>\n<meta property=\"og:title\" content=\"Outdoor - Best Buddy by Lars Henschel\" \/>\n<meta property=\"og:description\" content=\"[et_pb_section fb_built=&#8220;1&#8243; disabled_on=&#8220;on|on|off&#8220; admin_label=&#8220;Page Title Section&#8220; _builder_version=&#8220;4.6.6&#8243; background_color_gradient_direction=&#8220;120deg&#8220; background_image=&#8220;https:\/\/best-buddy.ch\/wp-content\/uploads\/2021\/01\/Harry-Panorama.jpg&#8220; parallax=&#8220;on&#8220; parallax_method=&#8220;off&#8220; width=&#8220;100%&#8220; max_width=&#8220;100%&#8220; module_alignment=&#8220;center&#8220; custom_margin=&#8220;||305px|||&#8220; custom_padding=&#8220;105px||9px||false|false&#8220; scroll_vertical_motion_enable=&#8220;on&#8220;][et_pb_row column_structure=&#8220;2_3,1_3&#8243; _builder_version=&#8220;3.25&#8243; background_size=&#8220;initial&#8220; background_position=&#8220;top_left&#8220; background_repeat=&#8220;repeat&#8220; custom_margin=&#8220;-60px|735px|745px|auto||&#8220;][et_pb_column type=&#8220;2_3&#8243; _builder_version=&#8220;3.25&#8243; custom_padding=&#8220;|||&#8220; custom_padding__hover=&#8220;|||&#8220;][et_pb_text admin_label=&#8220;Title&#8220; _builder_version=&#8220;4.6.6&#8243; text_font=&#8220;Lato||||||||&#8220; text_text_color=&#8220;#000000&#8243; header_font=&#8220;Lato|600|||||||&#8220; header_text_color=&#8220;#000000&#8243; header_font_size=&#8220;61px&#8220; header_line_height=&#8220;1.2em&#8220; header_2_font=&#8220;||||||||&#8220; header_2_font_size=&#8220;60px&#8220; background_layout=&#8220;dark&#8220; custom_margin=&#8220;||20px|&#8220; custom_padding=&#8220;|||&#8220; animation_style=&#8220;fade&#8220; header_font_size_tablet=&#8220;&#8220; header_font_size_phone=&#8220;40px&#8220; header_font_size_last_edited=&#8220;on|phone&#8220;] Hundefotos Outdoor [\/et_pb_text][et_pb_text admin_label=&#8220;Page Subtitle&#8220; _builder_version=&#8220;4.6.6&#8243; text_font=&#8220;Lato||||||||&#8220; text_text_color=&#8220;#000000&#8243; text_font_size=&#8220;18px&#8220; text_line_height=&#8220;1.8em&#8220; header_font=&#8220;||||||||&#8220; [&hellip;]\" \/>\n<meta property=\"og:url\" content=\"https:\/\/best-buddy.ch\/?page_id=1029\" \/>\n<meta property=\"og:site_name\" content=\"Best Buddy by Lars Henschel\" \/>\n<meta property=\"article:modified_time\" content=\"2023-02-19T19:29:54+00:00\" \/>\n<meta name=\"twitter:card\" content=\"summary_large_image\" \/>\n<meta name=\"twitter:label1\" content=\"Gesch\u00e4tzte Lesezeit\">\n\t<meta name=\"twitter:data1\" content=\"6\u00a0Minuten\">\n<script type=\"application\/ld+json\" class=\"yoast-schema-graph\">{\"@context\":\"https:\/\/schema.org\",\"@graph\":[{\"@type\":\"WebSite\",\"@id\":\"https:\/\/best-buddy.ch\/#website\",\"url\":\"https:\/\/best-buddy.ch\/\",\"name\":\"Best Buddy by Lars Henschel\",\"description\":\"Der Hundefotograf\",\"potentialAction\":[{\"@type\":\"SearchAction\",\"target\":\"https:\/\/best-buddy.ch\/?s={search_term_string}\",\"query-input\":\"required name=search_term_string\"}],\"inLanguage\":\"de\"},{\"@type\":\"WebPage\",\"@id\":\"https:\/\/best-buddy.ch\/?page_id=1029#webpage\",\"url\":\"https:\/\/best-buddy.ch\/?page_id=1029\",\"name\":\"Outdoor - Best Buddy by Lars Henschel\",\"isPartOf\":{\"@id\":\"https:\/\/best-buddy.ch\/#website\"},\"datePublished\":\"2021-01-31T17:27:02+00:00\",\"dateModified\":\"2023-02-19T19:29:54+00:00\",\"inLanguage\":\"de\",\"potentialAction\":[{\"@type\":\"ReadAction\",\"target\":[\"https:\/\/best-buddy.ch\/?page_id=1029\"]}]}]}<\/script>\n<!-- \/ Yoast SEO plugin. -->","_links":{"self":[{"href":"https:\/\/best-buddy.ch\/index.php?rest_route=\/wp\/v2\/pages\/1029"}],"collection":[{"href":"https:\/\/best-buddy.ch\/index.php?rest_route=\/wp\/v2\/pages"}],"about":[{"href":"https:\/\/best-buddy.ch\/index.php?rest_route=\/wp\/v2\/types\/page"}],"author":[{"embeddable":true,"href":"https:\/\/best-buddy.ch\/index.php?rest_route=\/wp\/v2\/users\/1"}],"replies":[{"embeddable":true,"href":"https:\/\/best-buddy.ch\/index.php?rest_route=%2Fwp%2Fv2%2Fcomments&post=1029"}],"version-history":[{"count":14,"href":"https:\/\/best-buddy.ch\/index.php?rest_route=\/wp\/v2\/pages\/1029\/revisions"}],"predecessor-version":[{"id":1449,"href":"https:\/\/best-buddy.ch\/index.php?rest_route=\/wp\/v2\/pages\/1029\/revisions\/1449"}],"wp:attachment":[{"href":"https:\/\/best-buddy.ch\/index.php?rest_route=%2Fwp%2Fv2%2Fmedia&parent=1029"}],"curies":[{"name":"wp","href":"https:\/\/api.w.org\/{rel}","templated":true}]}}